{"id":78,"date":"2017-09-05T10:47:21","date_gmt":"2017-09-05T10:47:21","guid":{"rendered":"http:\/\/demo.curlythemes.com\/art-gallery-wp\/?page_id=78"},"modified":"2022-04-21T08:40:50","modified_gmt":"2022-04-21T08:40:50","slug":"contact","status":"publish","type":"page","link":"https:\/\/atelier-cicada.com\/en\/contact","title":{"rendered":"Contact"},"content":{"rendered":"<div id=\"contact\" data-stellar-offset-parent=\"true\"  class=\"vc_row wpb_row vc_row-fluid xtd-background--fixed bg-pos-center-center bg-no-repeat content-padding vc_custom_1504636702469 vc_row-has-fill vc_column-gap-35 vc_row-o-content-top vc_row-flex\"><div  class=\"wpb_column vc_column_container vc_col-sm-12\"><div class=\"vc_column-inner\" style=\"\" ><div class=\"wpb_wrapper\"><div class=\"vc_empty_space  xtd-spacer--xl\"   style=\"height: 2rem\"><span class=\"vc_empty_space_inner\"><\/span><\/div>\n\t<div class=\"wpb_text_column wpb_content_element\" >\n\t\t<div class=\"wpb_wrapper\">\n\t\t\t<h1 class=\"display-2\" style=\"text-align: center;\">Visit the workshop<\/h1>\n\n\t\t<\/div>\n\t<\/div>\n<div class=\"vc_empty_space  xtd-spacer\"   style=\"height: 2rem\"><span class=\"vc_empty_space_inner\"><\/span><\/div><\/div><\/div><\/div><div  class=\"wpb_column vc_column_container vc_col-sm-5 vc_col-lg-offset-1\"><div class=\"vc_column-inner\" style=\"\" ><div class=\"wpb_wrapper\">\n\t<div class=\"wpb_single_image wpb_content_element vc_align_left   xtd-offset-frame\">\n\t\t\n\t\t<figure class=\"wpb_wrapper vc_figure\">\n\t\t\t<div class=\"vc_single_image-wrapper xtd-shadow--large-light  vc_box_border_grey\"><img loading=\"lazy\" decoding=\"async\" width=\"500\" height=\"667\" src=\"https:\/\/atelier-cicada.com\/wp-content\/uploads\/2022\/04\/IMG_6333-e1649866613438.jpeg\" class=\"vc_single_image-img attachment-full\" alt=\"\" \/><\/div>\n\t\t<\/figure>\n\t<\/div>\n<\/div><\/div><\/div><div  class=\"wpb_column vc_column_container vc_col-sm-5 vc_col-lg-offset-1 vc_col-lg-4\"><div class=\"vc_column-inner\" style=\"\" ><div class=\"wpb_wrapper\">\n\t<div class=\"wpb_text_column wpb_content_element\" >\n\t\t<div class=\"wpb_wrapper\">\n\t\t\t<h4>BY APPOINTMENT<\/h4>\n\n\t\t<\/div>\n\t<\/div>\n<div class=\"vc_empty_space  xtd-spacer\"   style=\"height: 2rem\"><span class=\"vc_empty_space_inner\"><\/span><\/div>\n<div class=\"wpcf7 no-js\" id=\"wpcf7-f6-o1\" lang=\"fr-FR\" dir=\"ltr\" data-wpcf7-id=\"6\">\n<div class=\"screen-reader-response\"><p role=\"status\" aria-live=\"polite\" aria-atomic=\"true\"><\/p> <ul><\/ul><\/div>\n<form action=\"\/en\/wp-json\/wp\/v2\/pages\/78#wpcf7-f6-o1\" method=\"post\" class=\"wpcf7-form init\" aria-label=\"Formulaire de contact\" novalidate=\"novalidate\" data-status=\"init\" data-trp-original-action=\"\/en\/wp-json\/wp\/v2\/pages\/78#wpcf7-f6-o1\">\n<fieldset class=\"hidden-fields-container\"><input type=\"hidden\" name=\"_wpcf7\" value=\"6\" \/><input type=\"hidden\" name=\"_wpcf7_version\" value=\"6.1.5\" \/><input type=\"hidden\" name=\"_wpcf7_locale\" value=\"fr_FR\" \/><input type=\"hidden\" name=\"_wpcf7_unit_tag\" value=\"wpcf7-f6-o1\" \/><input type=\"hidden\" name=\"_wpcf7_container_post\" value=\"0\" \/><input type=\"hidden\" name=\"_wpcf7_posted_data_hash\" value=\"\" \/><input type=\"hidden\" name=\"_wpcf7_recaptcha_response\" value=\"\" \/>\n<\/fieldset>\n<div>\n\t<p><label> First name and surname (required)<br \/>\n<span class=\"wpcf7-form-control-wrap\" data-name=\"text-691\"><input size=\"40\" maxlength=\"400\" class=\"wpcf7-form-control wpcf7-text wpcf7-validates-as-required\" aria-required=\"true\" aria-invalid=\"false\" placeholder=\"Enter your first and last name\" value=\"\" type=\"text\" name=\"text-691\" \/><\/span> <\/label>\n\t<\/p>\n<\/div>\n<div>\n\t<p><label> Email (required)<br \/>\n<span class=\"wpcf7-form-control-wrap\" data-name=\"email-822\"><input size=\"40\" maxlength=\"400\" class=\"wpcf7-form-control wpcf7-email wpcf7-validates-as-required wpcf7-text wpcf7-validates-as-email\" aria-required=\"true\" aria-invalid=\"false\" placeholder=\"Enter your email address\" value=\"\" type=\"email\" name=\"email-822\" \/><\/span> <\/label>\n\t<\/p>\n<\/div>\n<div>\n\t<p><label> Telephone (required)<br \/>\n<span class=\"wpcf7-form-control-wrap\" data-name=\"text-501\"><input size=\"40\" maxlength=\"400\" class=\"wpcf7-form-control wpcf7-text wpcf7-validates-as-required\" aria-required=\"true\" aria-invalid=\"false\" placeholder=\"Enter your telephone number\" value=\"\" type=\"text\" name=\"text-501\" \/><\/span> <\/label>\n\t<\/p>\n<\/div>\n<div>\n\t<p><label> Your request concerns<br \/>\n<span class=\"wpcf7-form-control-wrap\" data-name=\"menu-19\"><select class=\"wpcf7-form-control wpcf7-select\" aria-invalid=\"false\" name=\"menu-19\"><option value=\"des renseignements\">information<\/option><option value=\"une prise de rendez-vous\">make an appointment<\/option><\/select><\/span><\/label>\n\t<\/p>\n<\/div>\n<div>\n\t<p><label> Details of your request (required)<br \/>\n<span class=\"wpcf7-form-control-wrap\" data-name=\"textarea-501\"><textarea cols=\"40\" rows=\"10\" maxlength=\"2000\" class=\"wpcf7-form-control wpcf7-textarea wpcf7-validates-as-required\" aria-required=\"true\" aria-invalid=\"false\" placeholder=\"Briefly describe your request\" name=\"textarea-501\"><\/textarea><\/span> <\/label>\n\t<\/p>\n<\/div>\n<div>\n\t<p><input class=\"wpcf7-form-control wpcf7-submit has-spinner\" type=\"submit\" value=\"Send my request\" \/>\n\t<\/p>\n<\/div><div class=\"wpcf7-response-output\" aria-hidden=\"true\"><\/div>\n<input type=\"hidden\" name=\"trp-form-language\" value=\"en\"\/><\/form>\n<\/div>\n<div class=\"vc_empty_space\"   style=\"height: 32px\"><span class=\"vc_empty_space_inner\"><\/span><\/div>\n\t<div class=\"wpb_text_column wpb_content_element\" >\n\t\t<div class=\"wpb_wrapper\">\n\t\t\t<p><em><span class=\"mailpoet-has-font\" data-font=\"Nunito\">We don't send unwanted messages! Read our\u00a0<strong><a href=\"https:\/\/atelier-cicada.com\/en\/politique-de-confidentialite\/\" target=\"_blank\" rel=\"noopener\"><span style=\"color: #B89D4F;\">privacy policy<\/span><\/a><\/strong>\u00a0for more information.<\/span><\/em><\/p>\n\n\t\t<\/div>\n\t<\/div>\n<\/div><\/div><\/div><\/div><div id=\"getting-here\" data-stellar-offset-parent=\"true\"  class=\"vc_row wpb_row vc_row-fluid content-padding vc_custom_1504541122574\"><div  class=\"wpb_column vc_column_container vc_col-sm-12\"><div class=\"vc_column-inner\" style=\"\" ><div class=\"wpb_wrapper\">\n\t<div class=\"wpb_text_column wpb_content_element\" >\n\t\t<div class=\"wpb_wrapper\">\n\t\t\t<h1 class=\"display-2 special-title\" style=\"text-align: center;\">Join us<\/h1>\n\n\t\t<\/div>\n\t<\/div>\n<\/div><\/div><\/div><div  class=\"wpb_column vc_column_container vc_col-sm-10 vc_col-sm-offset-1\"><div class=\"vc_column-inner\" style=\"\" ><div class=\"wpb_wrapper\"><div class=\"wpb_gmaps_widget wpb_content_element\"><div class=\"wpb_wrapper\"><div class=\"wpb_map_wraper\"><iframe src=\"https:\/\/www.google.com\/maps\/embed?pb=!1m18!1m12!1m3!1d2880.221465265444!2d4.828817751064432!3d43.78901737901447!2m3!1f0!2f0!3f0!3m2!1i1024!2i768!4f13.1!3m3!1m2!1s0x12b5e43f56abd7c3%3A0x231e8d044f123a86!2s10%20Rue%20Carnot%2C%2013210%20Saint-R%C3%A9my-de-Provence!5e0!3m2!1sfr!2sfr!4v1649945824214!5m2!1sfr!2sfr\" width=\"600\" height=\"450\" style=\"border:0;\" allowfullscreen=\"\" loading=\"lazy\" referrerpolicy=\"no-referrer-when-downgrade\"><\/iframe><\/div><\/div><\/div><div class=\"vc_empty_space  xtd-spacer--xl\"   style=\"height: 2rem\"><span class=\"vc_empty_space_inner\"><\/span><\/div>\n\t<div class=\"wpb_text_column wpb_content_element\" >\n\t\t<div class=\"wpb_wrapper\">\n\t\t\t<p class=\"lead\" style=\"text-align: center;\">10 rue Carnot, 13210 Saint-R\u00e9my-de-Provence, FRANCE.<\/p>\n\n\t\t<\/div>\n\t<\/div>\n<div class=\"vc_empty_space  xtd-spacer\"   style=\"height: 2rem\"><span class=\"vc_empty_space_inner\"><\/span><\/div><div class=\"vc_row wpb_row vc_inner vc_row-fluid vc_column-gap-35\"><div class=\"wpb_column vc_column_container vc_col-sm-6\"><div class=\"vc_column-inner vc_custom_1496332454267\"><div class=\"wpb_wrapper\">\n\t<div class=\"wpb_text_column wpb_content_element\" >\n\t\t<div class=\"wpb_wrapper\">\n\t\t\t<h4>BY CAR<\/h4>\n<ul>\n<li>\n<h6>Arles : 25 km<\/h6>\n<\/li>\n<li>\n<h6>Avignon : 20 km<\/h6>\n<\/li>\n<li>\n<h6>Marseille : 90 km<\/h6>\n<\/li>\n<\/ul>\n<p>&nbsp;<\/p>\n<h4>PARKING<\/h4>\n<h6><em><strong><a href=\"https:\/\/www.mairie-saintremydeprovence.com\/vivre-a-saint-remy\/circulation-stationnement\/stationnement\/\" target=\"_blank\" rel=\"noopener\">See the city's car parks<\/a><\/strong><\/em><\/h6>\n<p>&nbsp;<\/p>\n<h4>BY BUS<\/h4>\n<ul>\n<li>\n<h6>Place de la R\u00e9publique drop-off point<\/h6>\n<\/li>\n<li>\n<h6>Parking on Place du G\u00e9n\u00e9ral-de-Gaulle<\/h6>\n<\/li>\n<\/ul>\n<p>&nbsp;<\/p>\n<h4 class=\"fusion-responsive-typography-calculated\" data-fontsize=\"25\" data-lineheight=\"30px\">BY TRAIN<\/h4>\n<ul>\n<li>\n<h6>Arles station<\/h6>\n<\/li>\n<li>\n<h6>Avignon TGV station<\/h6>\n<\/li>\n<li>\n<h6>N\u00eemes TGV station<\/h6>\n<\/li>\n<\/ul>\n<p>&nbsp;<\/p>\n<h4 class=\"fusion-responsive-typography-calculated\" data-fontsize=\"25\" data-lineheight=\"30px\">BY PLANE<\/h4>\n<h6>Marseille Provence Airport<\/h6>\n\n\t\t<\/div>\n\t<\/div>\n<\/div><\/div><\/div><div class=\"wpb_column vc_column_container vc_col-sm-6\"><div class=\"vc_column-inner vc_custom_1496332459319\"><div class=\"wpb_wrapper\">\n\t<div class=\"wpb_text_column wpb_content_element\" >\n\t\t<div class=\"wpb_wrapper\">\n\t\t\t<h4>BY CAR<\/h4>\n<h6><strong>Regular services to Saint-R\u00e9my (all year round) :<\/strong><\/h6>\n<ul>\n<li>\n<h6>Line 54 :<\/h6>\n<h6>Arles &gt; Tarascon &gt; Saint-\u00c9tienne-du-Gr\u00e8s &gt; Mas-Blanc-les-Alpilles &gt; Saint-R\u00e9my-de-Provence &gt; Moll\u00e9g\u00e8s &gt; Plan d'Orgon &gt; Cavaillon<\/h6>\n<\/li>\n<li>\n<h6>Line 57 :<\/h6>\n<h6>Saint-R\u00e9my-de-Provence &gt; Eyragues &gt; Ch\u00e2teaurenard &gt; Rognonas &gt; Avignon<\/h6>\n<\/li>\n<\/ul>\n<h6><strong>Summer line (from 4 July to 31 August 2020) :<br \/>\n<\/strong><\/h6>\n<ul>\n<li>\n<h6>Summer line 57 :<\/h6>\n<h6>Arles &gt; Fontvieille &gt; Le Paradou &gt; Maussane &gt; Les-Baux-de-Provence &gt; Saint-R\u00e9my-de-Provence &gt; Eyragues &gt; Ch\u00e2teaurenard &gt; Rognonas &gt; Avignon<\/h6>\n<\/li>\n<\/ul>\n<h6><em><strong><a href=\"https:\/\/www.mairie-saintremydeprovence.com\/wp-content\/uploads\/2020\/06\/ZOU13_Ligne57_AVIGNON_SAINT_REMY_DE_PROVENCE_ETE.pdf\" target=\"_blank\" rel=\"noopener noreferrer\">Download the timetable<\/a><\/strong><\/em><\/h6>\n\n\t\t<\/div>\n\t<\/div>\n<\/div><\/div><\/div><\/div><\/div><\/div><\/div><\/div><div data-stellar-offset-parent=\"true\"  class=\"vc_row wpb_row vc_row-fluid content-padding\"><div  class=\"wpb_column vc_column_container vc_col-sm-12\"><div class=\"vc_column-inner\" style=\"\" ><div class=\"wpb_wrapper\">\n\t<div class=\"wpb_text_column wpb_content_element  vc_custom_1650386387904\" >\n\t\t<div class=\"wpb_wrapper\">\n\t\t\t<h6><\/h6>\n<h6 style=\"text-align: center;\">\u00a9 2022 | CICADA - All rights reserved | created by NEW DEAL &amp; DEVELOPMENT\u2122<\/h6>\n\n\t\t<\/div>\n\t<\/div>\n<\/div><\/div><\/div><\/div>","protected":false},"excerpt":{"rendered":"Visitez l'atelier SUR RENDEZ-VOUS Pr\u00e9nom et Nom (requis) Email (requis) T\u00e9l\u00e9phone (requis) Votre demande concerne des renseignementsune prise de rendez-vous D\u00e9tails de votre demande (requis) Nous n\u2019envoyons pas de messages ind\u00e9sirables\u00a0! Lisez notre\u00a0politique de confidentialit\u00e9\u00a0pour plus d\u2019informations. Nous rejoindre 10 rue Carnot, 13210 Saint-R\u00e9my-de-Provence, FRANCE. EN VOITURE Arles : 25 km Avignon : 20 km Marseille : 90 km &nbsp; [...]","protected":false},"author":1,"featured_media":0,"parent":0,"menu_order":0,"comment_status":"closed","ping_status":"closed","template":"","meta":{"footnotes":""},"class_list":["post-78","page","type-page","status-publish","hentry"],"_links":{"self":[{"href":"https:\/\/atelier-cicada.com\/en\/wp-json\/wp\/v2\/pages\/78","targetHints":{"allow":["GET"]}}],"collection":[{"href":"https:\/\/atelier-cicada.com\/en\/wp-json\/wp\/v2\/pages"}],"about":[{"href":"https:\/\/atelier-cicada.com\/en\/wp-json\/wp\/v2\/types\/page"}],"author":[{"embeddable":true,"href":"https:\/\/atelier-cicada.com\/en\/wp-json\/wp\/v2\/users\/1"}],"replies":[{"embeddable":true,"href":"https:\/\/atelier-cicada.com\/en\/wp-json\/wp\/v2\/comments?post=78"}],"version-history":[{"count":42,"href":"https:\/\/atelier-cicada.com\/en\/wp-json\/wp\/v2\/pages\/78\/revisions"}],"predecessor-version":[{"id":538,"href":"https:\/\/atelier-cicada.com\/en\/wp-json\/wp\/v2\/pages\/78\/revisions\/538"}],"wp:attachment":[{"href":"https:\/\/atelier-cicada.com\/en\/wp-json\/wp\/v2\/media?parent=78"}],"curies":[{"name":"wp","href":"https:\/\/api.w.org\/{rel}","templated":true}]}}