{"id":3,"date":"2022-04-01T06:00:05","date_gmt":"2022-04-01T06:00:05","guid":{"rendered":"http:\/\/s346260150.onlinehome.fr\/?page_id=3"},"modified":"2022-04-21T13:52:32","modified_gmt":"2022-04-21T13:52:32","slug":"politique-de-confidentialite","status":"publish","type":"page","link":"https:\/\/atelier-cicada.com\/en\/politique-de-confidentialite","title":{"rendered":"Privacy policy"},"content":{"rendered":"<div data-stellar-offset-parent=\"true\"  class=\"vc_row wpb_row vc_row-fluid content-padding\"><div  class=\"wpb_column vc_column_container vc_col-sm-12\"><div class=\"vc_column-inner\" style=\"\" ><div class=\"wpb_wrapper\">\n\t<div class=\"wpb_text_column wpb_content_element\" >\n\t\t<div class=\"wpb_wrapper\">\n\t\t\t<div class=\"elementor-element elementor-element-76c0f23 elementor-widget elementor-widget-heading animated fadeInUp\" data-id=\"76c0f23\" data-element_type=\"widget\" data-settings=\"{&quot;_animation&quot;:&quot;fadeInUp&quot;}\" data-widget_type=\"heading.default\">\n<h4>Preamble<\/h4>\n<p>By accessing and\/or using the www.atelier-cicada.com website, you acknowledge that you have read, understood and agree to be subject to all the terms and conditions set out in this document. If you do not agree with this policy, you must not use the site and its related services and you should not communicate your personal data to us.<\/p>\n<p>&nbsp;<\/p>\n<\/div>\n<div class=\"elementor-element elementor-element-0ad5970 elementor-widget elementor-widget-heading animated fadeInUp\" data-id=\"0ad5970\" data-element_type=\"widget\" data-settings=\"{&quot;_animation&quot;:&quot;fadeInUp&quot;}\" data-widget_type=\"heading.default\">\n<div class=\"elementor-widget-container\">\n<h4>Identification of the data controller<\/h4>\n<p>The person responsible for the personal data file is: Mr Marc FRANCON<\/p>\n<h4>Legal basis<\/h4>\n<p class=\"elementor-heading-title elementor-size-default\">This Privacy Policy is based on the General Data Protection Regulation of the European Parliament and of the Council, 27 April 2016 (2016\/679), full text.<\/p>\n<h4><\/h4>\n<h4 class=\"elementor-heading-title elementor-size-default\">Personal data collected and use<\/h4>\n<p>&nbsp;<\/p>\n<h4>Data used<\/h4>\n<p class=\"elementor-heading-title elementor-size-default\">When you use our contact form, your personal data is collected. This data simply enables us to identify you and facilitate contact. Consequently, the user provides this information with full knowledge of the facts.<\/p>\n<h4 class=\"elementor-heading-title elementor-size-default\">Data transmission<\/h4>\n<p class=\"elementor-heading-title elementor-size-default\">The site manager undertakes not to pass on or sell your personal information to third parties, nor to use it for unintended purposes.<\/p>\n<h4 class=\"elementor-heading-title elementor-size-default\">Your rights<\/h4>\n<p class=\"elementor-heading-title elementor-size-default\">In accordance with the General Data Protection Regulation, you have the right to access, modify and delete your personal data. To exercise your rights or make a request, send an email directly to: contact@atelier-cicada.com<\/p>\n<h4 class=\"elementor-heading-title elementor-size-default\">Cookies<\/h4>\n<p class=\"elementor-heading-title elementor-size-default\">What are cookies? A cookie is a small file containing text that a website saves on your computer or mobile device when you visit that site. Cookies are widely used to make a website work, or to make it work more efficiently, as well as to provide information to the site owners.<\/p>\n<h4 class=\"elementor-heading-title elementor-size-default\">Statistics and audience measurement<\/h4>\n<p class=\"elementor-heading-title elementor-size-default\">This website uses Google Analytics, a web analysis service provided by Google, Inc (hereinafter referred to as \"Google\"), to help us analyse how users use the site. Google Analytics uses \"cookies\", which are text files placed on your computer, to help the website analyze how users use the site. The information generated by the cookie about your use of the website - typically including your IP address and an anonymous analysis of your user behaviour - will be transmitted to and stored by Google for a limited period on servers in the United States. In accordance with the data protection shield certification, Google declares that it complies with the framework defined by the EU-US data protection shield. Google may transfer the information collected by Google Analytics to third parties where required to do so by law, or where such third parties process the information on Google's behalf. The Google Analytics Terms of Use state that Google will not associate the data subject's IP address with any other data held by Google. You may refuse the use of cookies by Google Analytics by downloading and installing the Google Analytics browser add-on.<\/p>\n<h4 class=\"elementor-heading-title elementor-size-default\">Social networks<\/h4>\n<p class=\"elementor-heading-title elementor-size-default\">The site relies on certain services offered by third-party sites to improve the interactivity of the site. These include Sharing buttons (Twitter, Facebook, Instagram, Google maps).<\/p>\n<h4 class=\"elementor-heading-title elementor-size-default\">Changes to this Privacy Policy<\/h4>\n<p class=\"elementor-heading-title elementor-size-default\">This website reserves the right to make changes to this privacy policy by posting a new version on the website. This new version will come into force immediately. Each time you use the website, you agree to abide by this new privacy policy as amended from time to time. The site manager therefore encourages you to consult this page regularly to keep abreast of any changes.<\/p>\n<\/div>\n<\/div>\n\n\t\t<\/div>\n\t<\/div>\n<\/div><\/div><\/div><\/div>","protected":false},"excerpt":{"rendered":"Pr\u00e9ambule En acc\u00e9dant et\/ou en utilisant le site www.atelier-cicada.com, vous reconnaissez avoir lu, compris et accept\u00e9 d\u2019\u00eatre sujet \u00e0 toutes les conditions pr\u00e9vues par ce document. Si vous n\u2019\u00eates pas d\u2019accord avec cette politique, vous ne devez pas utiliser le site et ses services li\u00e9s et vous ne devriez pas nous communiquer vos donn\u00e9es personnelles. &nbsp; Identification du responsable des [...]","protected":false},"author":1,"featured_media":0,"parent":0,"menu_order":0,"comment_status":"closed","ping_status":"closed","template":"","meta":{"footnotes":""},"class_list":["post-3","page","type-page","status-publish","hentry"],"_links":{"self":[{"href":"https:\/\/atelier-cicada.com\/en\/wp-json\/wp\/v2\/pages\/3","targetHints":{"allow":["GET"]}}],"collection":[{"href":"https:\/\/atelier-cicada.com\/en\/wp-json\/wp\/v2\/pages"}],"about":[{"href":"https:\/\/atelier-cicada.com\/en\/wp-json\/wp\/v2\/types\/page"}],"author":[{"embeddable":true,"href":"https:\/\/atelier-cicada.com\/en\/wp-json\/wp\/v2\/users\/1"}],"replies":[{"embeddable":true,"href":"https:\/\/atelier-cicada.com\/en\/wp-json\/wp\/v2\/comments?post=3"}],"version-history":[{"count":5,"href":"https:\/\/atelier-cicada.com\/en\/wp-json\/wp\/v2\/pages\/3\/revisions"}],"predecessor-version":[{"id":548,"href":"https:\/\/atelier-cicada.com\/en\/wp-json\/wp\/v2\/pages\/3\/revisions\/548"}],"wp:attachment":[{"href":"https:\/\/atelier-cicada.com\/en\/wp-json\/wp\/v2\/media?parent=3"}],"curies":[{"name":"wp","href":"https:\/\/api.w.org\/{rel}","templated":true}]}}