{"id":244,"date":"2017-09-01T17:51:02","date_gmt":"2017-09-01T17:51:02","guid":{"rendered":"http:\/\/demo.curlythemes.com\/art-gallery-wp\/?page_id=2"},"modified":"2022-04-14T10:50:04","modified_gmt":"2022-04-14T10:50:04","slug":"accueil","status":"publish","type":"page","link":"https:\/\/atelier-cicada.com\/en\/","title":{"rendered":"Home"},"content":{"rendered":"<div data-stellar-offset-parent=\"true\"  class=\"vc_row wpb_row vc_row-fluid content-padding-xl\"><div  class=\"wpb_column vc_column_container vc_col-sm-12\"><div class=\"vc_column-inner\" style=\"\" ><div class=\"wpb_wrapper\">\n\t<div class=\"wpb_text_column wpb_content_element\" >\n\t\t<div class=\"wpb_wrapper\">\n\t\t\t<h1 class=\"special-title display-2\" style=\"text-align: center;\">Artist's studio in Provence<\/h1>\n\n\t\t<\/div>\n\t<\/div>\n<\/div><\/div><\/div><\/div><div data-stellar-offset-parent=\"true\"  class=\"vc_row wpb_row vc_row-fluid content-padding-lg vc_custom_1503595338867 vc_column-gap-35\"><div  class=\"wpb_column vc_column_container vc_col-sm-2\"><div class=\"vc_column-inner\" style=\"\" ><div class=\"wpb_wrapper\"><\/div><\/div><\/div><div  class=\"wpb_column vc_column_container vc_col-sm-8\"><div class=\"vc_column-inner\" style=\"\" ><div class=\"wpb_wrapper\">\n\t<div class=\"wpb_text_column wpb_content_element\" >\n\t\t<div class=\"wpb_wrapper\">\n\t\t\t<h1 class=\"display-1 special-title\" style=\"text-align: center;\">Message of metamorphosis<\/h1>\n\n\t\t<\/div>\n\t<\/div>\n\n\t<div class=\"wpb_text_column wpb_content_element\" >\n\t\t<div class=\"wpb_wrapper\">\n\t\t\t<p class=\"lead\" style=\"text-align: center;\">The Provence I want to tell you about is made up of sun, light, wind and silence. Everything seems unreal, invisible, everything takes on importance and this is where the power of surreality and creation is born.<\/p>\n<p class=\"lead\" style=\"text-align: center;\">I can't get enough of these places that I steal from passing holidaymakers, to feed myself with the essential substance that a painter must receive, of this magical rhythm where the flavour of impressions is buried, then comes back in a thousand strokes of colour. I always feel innocent after this miraculous effort of existence. I hope to bring you this sense of wonder, lost since childhood, in these moments suspended in the magic of Provence.<\/p>\n\n\t\t<\/div>\n\t<\/div>\n<\/div><\/div><\/div><div  class=\"wpb_column vc_column_container vc_col-sm-2\"><div class=\"vc_column-inner\" style=\"\" ><div class=\"wpb_wrapper\"><\/div><\/div><\/div><\/div><div data-vc-full-width=\"true\" data-vc-full-width-init=\"false\" data-stellar-offset-parent=\"true\"  class=\"vc_row wpb_row vc_row-fluid content-padding-lg vc_custom_1503927399309 vc_row-has-fill\"><div  class=\"wpb_column vc_column_container vc_col-sm-10 vc_col-sm-offset-1\"><div class=\"vc_column-inner\" style=\"\" ><div class=\"wpb_wrapper\">\n\t<div class=\"wpb_text_column wpb_content_element\" >\n\t\t<div class=\"wpb_wrapper\">\n\t\t\t<h1 class=\"display-2\" style=\"text-align: center;\">Visit the workshop<\/h1>\n\n\t\t<\/div>\n\t<\/div>\n<div class=\"vc_empty_space\"   style=\"height: 32px\"><span class=\"vc_empty_space_inner\"><\/span><\/div><div class=\"vc_btn3-container vc_btn3-center\" ><a class=\"vc_general vc_btn3 vc_btn3-size-lg vc_btn3-shape-rounded vc_btn3-style-btn-outline-primary vc_btn3-color-grey\" href=\"https:\/\/atelier-cicada.com\/en\/latelier\/\" title=\"The workshop\">Discover<\/a><\/div><\/div><\/div><\/div><\/div><div class=\"vc_row-full-width vc_clearfix\"><\/div>","protected":false},"excerpt":{"rendered":"Atelier d'artiste en Provence Message de la m\u00e9tamorphose La Provence dont je veux vous parler est faite de soleil, de lumi\u00e8re, de vent et de silence. Tout semble irr\u00e9el, invisible, tout prend de l'importance et ici va na\u00eetre ce pouvoir de surr\u00e9alit\u00e9 et de cr\u00e9ation. De ces endroits que je vole aux passants vacanciers, pour me nourrir de l'essentielle substance [...]","protected":false},"author":1,"featured_media":0,"parent":0,"menu_order":0,"comment_status":"closed","ping_status":"closed","template":"","meta":{"footnotes":""},"class_list":["post-244","page","type-page","status-publish","hentry"],"_links":{"self":[{"href":"https:\/\/atelier-cicada.com\/en\/wp-json\/wp\/v2\/pages\/244","targetHints":{"allow":["GET"]}}],"collection":[{"href":"https:\/\/atelier-cicada.com\/en\/wp-json\/wp\/v2\/pages"}],"about":[{"href":"https:\/\/atelier-cicada.com\/en\/wp-json\/wp\/v2\/types\/page"}],"author":[{"embeddable":true,"href":"https:\/\/atelier-cicada.com\/en\/wp-json\/wp\/v2\/users\/1"}],"replies":[{"embeddable":true,"href":"https:\/\/atelier-cicada.com\/en\/wp-json\/wp\/v2\/comments?post=244"}],"version-history":[{"count":25,"href":"https:\/\/atelier-cicada.com\/en\/wp-json\/wp\/v2\/pages\/244\/revisions"}],"predecessor-version":[{"id":420,"href":"https:\/\/atelier-cicada.com\/en\/wp-json\/wp\/v2\/pages\/244\/revisions\/420"}],"wp:attachment":[{"href":"https:\/\/atelier-cicada.com\/en\/wp-json\/wp\/v2\/media?parent=244"}],"curies":[{"name":"wp","href":"https:\/\/api.w.org\/{rel}","templated":true}]}}