{"id":235,"date":"2017-09-06T09:35:05","date_gmt":"2017-09-06T09:35:05","guid":{"rendered":"http:\/\/demo.curlythemes.com\/art-gallery-wp\/?page_id=175"},"modified":"2022-04-21T08:58:32","modified_gmt":"2022-04-21T08:58:32","slug":"latelier","status":"publish","type":"page","link":"https:\/\/atelier-cicada.com\/en\/latelier","title":{"rendered":"L&rsquo;atelier"},"content":{"rendered":"<div data-vc-full-width=\"true\" data-vc-full-width-init=\"false\" data-stellar-offset-parent=\"true\"  class=\"vc_row wpb_row vc_row-fluid content-padding-lg vc_custom_1505138875462 vc_row-has-fill\"><div  class=\"wpb_column vc_column_container vc_col-sm-12\"><div class=\"vc_column-inner\" style=\"\" ><div class=\"wpb_wrapper\">\n\t<div class=\"wpb_text_column wpb_content_element\" >\n\t\t<div class=\"wpb_wrapper\">\n\t\t\t<h1 class=\"special-title display-1\" style=\"text-align: center;\"><small>THE ARTIST AND HIS<\/small>Works<\/h1>\n\n\t\t<\/div>\n\t<\/div>\n\n<div class=\"vc_grid-container-wrapper vc_clearfix vc_grid-animation-zoomIn\">\n\t<div class=\"vc_grid-container vc_clearfix wpb_content_element vc_masonry_grid\" data-initial-loading-animation=\"zoomIn\" data-vc-grid-settings=\"{&quot;page_id&quot;:235,&quot;style&quot;:&quot;lazy-masonry&quot;,&quot;action&quot;:&quot;vc_get_vc_grid_data&quot;,&quot;shortcode_id&quot;:&quot;1650531368365-5a9c005adb076f0bcf709843bfeaf0ec-8&quot;,&quot;items_per_page&quot;:&quot;10&quot;,&quot;tag&quot;:&quot;vc_masonry_grid&quot;}\" data-vc-request=\"https:\/\/atelier-cicada.com\/wp-admin\/admin-ajax.php\" data-vc-post-id=\"235\" data-vc-public-nonce=\"52b9e0fc0b\">\n\t\t\n\t<\/div>\n<\/div>\n\t<div class=\"wpb_text_column wpb_content_element\" >\n\t\t<div class=\"wpb_wrapper\">\n\t\t\t<p><em>All photos of works presented on the site are the exclusive property of the artist. Reproduction in whole or in part is strictly prohibited.<\/em><\/p>\n\n\t\t<\/div>\n\t<\/div>\n<\/div><\/div><\/div><\/div><div class=\"vc_row-full-width vc_clearfix\"><\/div><div data-stellar-offset-parent=\"true\"  class=\"vc_row wpb_row vc_row-fluid content-padding vc_column-gap-35\"><div  class=\"wpb_column vc_column_container vc_col-sm-4\"><div class=\"vc_column-inner\" style=\"\" ><div class=\"wpb_wrapper\">\n\t<div class=\"wpb_text_column wpb_content_element\" >\n\t\t<div class=\"wpb_wrapper\">\n\t\t\t<h2>About the artist<\/h2>\n\n\t\t<\/div>\n\t<\/div>\n\n\t<div class=\"wpb_text_column wpb_content_element\" >\n\t\t<div class=\"wpb_wrapper\">\n\t\t\t<h6>After studying at the Beaux Arts in Marseille and Lyon, I attended the Claireau and Marguerite Alar workshops and various painters' workshops...<\/h6>\n<h6>35 years ago, I discovered the Alpilles region and set up the \"Aqualeria\" gallery in Eygali\u00e8res. It's a place for sharing and meeting people, with the aim of promoting painting in Provence.<\/h6>\n<h6>I now work on my paintings in my artist's studio \"Cicada\" in the heart of Saint-Remy-de-Provence.<\/h6>\n\n\t\t<\/div>\n\t<\/div>\n<div class=\"vc_empty_space\"   style=\"height: 100px\"><span class=\"vc_empty_space_inner\"><\/span><\/div><div class=\"vc_separator wpb_content_element vc_separator_align_left vc_sep_width_100 vc_sep_pos_align_center vc_sep_color_grey vc_separator-has-text\" ><span class=\"vc_sep_holder vc_sep_holder_l\"><span  class=\"vc_sep_line\"><\/span><\/span><h4>Provence, a source of inspiration<\/h4><span class=\"vc_sep_holder vc_sep_holder_r\"><span  class=\"vc_sep_line\"><\/span><\/span>\n<\/div>\n\t<div class=\"wpb_text_column wpb_content_element\" >\n\t\t<div class=\"wpb_wrapper\">\n\t\t\t<h6>The Provence of painters, the painters of Provence. Two magical formulas that call to each other to such an extent that we don't know which one to prefer.<\/h6>\n<h6>And what if Provence owed part of its identity to the painters who, born on its soil or who came to stay, revealed to the world the splendours of a land of wind, sun, sea and mountains. A land of so many contrasts that their depictions of it appear divergent, even contradictory.<\/h6>\n<h6>I must express my admiration for the Fauvists, who rejected the perspectives and vision of classical art in order to exalt colour. Camoin, Derain, Manguin, Matisse, Van Dongen, Braque, etc...<\/h6>\n\n\t\t<\/div>\n\t<\/div>\n<div class=\"vc_empty_space\"   style=\"height: 64px\"><span class=\"vc_empty_space_inner\"><\/span><\/div><div class=\"vc_separator wpb_content_element vc_separator_align_left vc_sep_width_100 vc_sep_pos_align_center vc_sep_color_grey vc_separator-has-text\" ><span class=\"vc_sep_holder vc_sep_holder_l\"><span  class=\"vc_sep_line\"><\/span><\/span><h4>Between colour and light<\/h4><span class=\"vc_sep_holder vc_sep_holder_r\"><span  class=\"vc_sep_line\"><\/span><\/span>\n<\/div>\n\t<div class=\"wpb_text_column wpb_content_element\" >\n\t\t<div class=\"wpb_wrapper\">\n\t\t\t<h6>It's in the Alpilles, where I live, that I find my main source of inspiration, and in my garden.<\/h6>\n<h6>Varied, unusual, decorated with colours and changing plants that harmonise gently, this is a garden where the presence of scented elements adds even more charm to your walks.<\/h6>\n<h6>The seasons open with a bang. Green comes in all its shades. The rush of colour sweeps you away.<\/h6>\n<h6>One morning the air smells sweet, the wind is caressing, the impression is suggested and goes to rest deep inside. It will return one day on a white canvas.<\/h6>\n\n\t\t<\/div>\n\t<\/div>\n<div class=\"vc_empty_space\"   style=\"height: 64px\"><span class=\"vc_empty_space_inner\"><\/span><\/div><\/div><\/div><\/div><div  class=\"wpb_column vc_column_container vc_col-sm-7 vc_col-sm-offset-1\"><div class=\"vc_column-inner\" style=\"\" ><div class=\"wpb_wrapper\"><div class='xtd-timeline'><div class='xtd-timeline__item' data-title=''>\n\t<div class=\"wpb_single_image wpb_content_element vc_align_left   xtd-offset-frame\">\n\t\t\n\t\t<figure class=\"wpb_wrapper vc_figure\">\n\t\t\t<div class=\"vc_single_image-wrapper   vc_box_border_grey\"><img loading=\"lazy\" decoding=\"async\" width=\"500\" height=\"1252\" src=\"https:\/\/atelier-cicada.com\/wp-content\/uploads\/2022\/04\/IMG_1388.png\" class=\"vc_single_image-img attachment-full\" alt=\"\" \/><\/div>\n\t\t<\/figure>\n\t<\/div>\n\n\t<div class=\"wpb_text_column wpb_content_element\" >\n\t\t<div class=\"wpb_wrapper\">\n\t\t\t\n\t\t<\/div>\n\t<\/div>\n<\/div><div class='xtd-timeline__item' data-title=''>\n\t<div class=\"wpb_single_image wpb_content_element vc_align_left   xtd-offset-frame\">\n\t\t\n\t\t<figure class=\"wpb_wrapper vc_figure\">\n\t\t\t<div class=\"vc_single_image-wrapper   vc_box_border_grey\"><img loading=\"lazy\" decoding=\"async\" width=\"500\" height=\"667\" src=\"https:\/\/atelier-cicada.com\/wp-content\/uploads\/2022\/04\/IMG_6323.png\" class=\"vc_single_image-img attachment-full\" alt=\"\" \/><\/div>\n\t\t<\/figure>\n\t<\/div>\n\n\t<div class=\"wpb_text_column wpb_content_element\" >\n\t\t<div class=\"wpb_wrapper\">\n\t\t\t<h6>A workshop, a story...<\/h6>\n\n\t\t<\/div>\n\t<\/div>\n<\/div><div class='xtd-timeline__item' data-title=''>\n\t<div class=\"wpb_single_image wpb_content_element vc_align_left   xtd-offset-frame\">\n\t\t\n\t\t<figure class=\"wpb_wrapper vc_figure\">\n\t\t\t<div class=\"vc_single_image-wrapper   vc_box_border_grey\"><img loading=\"lazy\" decoding=\"async\" width=\"500\" height=\"667\" src=\"https:\/\/atelier-cicada.com\/wp-content\/uploads\/2022\/04\/IMG_6329.jpeg\" class=\"vc_single_image-img attachment-full\" alt=\"\" \/><\/div>\n\t\t<\/figure>\n\t<\/div>\n\n\t<div class=\"wpb_text_column wpb_content_element\" >\n\t\t<div class=\"wpb_wrapper\">\n\t\t\t<h6>where inspiration is expressed...<\/h6>\n\n\t\t<\/div>\n\t<\/div>\n<\/div><div class='xtd-timeline__item' data-title=''>\n\t<div class=\"wpb_single_image wpb_content_element vc_align_left   xtd-offset-frame\">\n\t\t\n\t\t<figure class=\"wpb_wrapper vc_figure\">\n\t\t\t<div class=\"vc_single_image-wrapper   vc_box_border_grey\"><img loading=\"lazy\" decoding=\"async\" width=\"500\" height=\"667\" src=\"https:\/\/atelier-cicada.com\/wp-content\/uploads\/2022\/04\/IMG_6338.png\" class=\"vc_single_image-img attachment-full\" alt=\"\" \/><\/div>\n\t\t<\/figure>\n\t<\/div>\n\n\t<div class=\"wpb_text_column wpb_content_element\" >\n\t\t<div class=\"wpb_wrapper\">\n\t\t\t<h6>with colour palettes...<\/h6>\n\n\t\t<\/div>\n\t<\/div>\n<\/div><\/div><\/div><\/div><\/div><\/div><div data-stellar-offset-parent=\"true\"  class=\"vc_row wpb_row vc_row-fluid content-padding\"><div  class=\"wpb_column vc_column_container vc_col-sm-3\"><div class=\"vc_column-inner\" style=\"\" ><div class=\"wpb_wrapper\"><\/div><\/div><\/div><div  class=\"wpb_column vc_column_container vc_col-sm-6\"><div class=\"vc_column-inner\" style=\"\" ><div class=\"wpb_wrapper\">\n\t<div class=\"wpb_text_column wpb_content_element\" >\n\t\t<div class=\"wpb_wrapper\">\n\t\t\t<h1 class=\"display-2\" style=\"text-align: center;\">Read more<\/h1>\n\n\t\t<\/div>\n\t<\/div>\n<div class=\"vc_empty_space\"   style=\"height: 32px\"><span class=\"vc_empty_space_inner\"><\/span><\/div><div class=\"vc_btn3-container vc_btn3-center\" ><a class=\"vc_general vc_btn3 vc_btn3-size-lg vc_btn3-shape-rounded vc_btn3-style-btn-outline-primary vc_btn3-color-grey\" href=\"https:\/\/atelier-cicada.com\/en\/contact\/\" title=\"Contact\">Information &amp; Appointments<\/a><\/div><\/div><\/div><\/div><div  class=\"wpb_column vc_column_container vc_col-sm-3\"><div class=\"vc_column-inner\" style=\"\" ><div class=\"wpb_wrapper\"><\/div><\/div><\/div><\/div>","protected":false},"excerpt":{"rendered":"L'ARTISTE ET SES\u0152uvres Toutes les photos des oeuvres pr\u00e9sent\u00e9es sur le site sont la propri\u00e9t\u00e9 exclusive de l'artiste. Toute reproduction compl\u00e8te ou partielle est strictement interdite. \u00c0 propos de l'artiste Apr\u00e8s des \u00e9tudes aux Beaux Arts de Marseille puis \u00e0 ceux de Lyon, j'ai suivi les ateliers du Claireau et de Marguerite Alar et divers ateliers de peintres... Il y [...]","protected":false},"author":1,"featured_media":0,"parent":0,"menu_order":0,"comment_status":"closed","ping_status":"closed","template":"","meta":{"footnotes":""},"class_list":["post-235","page","type-page","status-publish","hentry"],"_links":{"self":[{"href":"https:\/\/atelier-cicada.com\/en\/wp-json\/wp\/v2\/pages\/235","targetHints":{"allow":["GET"]}}],"collection":[{"href":"https:\/\/atelier-cicada.com\/en\/wp-json\/wp\/v2\/pages"}],"about":[{"href":"https:\/\/atelier-cicada.com\/en\/wp-json\/wp\/v2\/types\/page"}],"author":[{"embeddable":true,"href":"https:\/\/atelier-cicada.com\/en\/wp-json\/wp\/v2\/users\/1"}],"replies":[{"embeddable":true,"href":"https:\/\/atelier-cicada.com\/en\/wp-json\/wp\/v2\/comments?post=235"}],"version-history":[{"count":52,"href":"https:\/\/atelier-cicada.com\/en\/wp-json\/wp\/v2\/pages\/235\/revisions"}],"predecessor-version":[{"id":545,"href":"https:\/\/atelier-cicada.com\/en\/wp-json\/wp\/v2\/pages\/235\/revisions\/545"}],"wp:attachment":[{"href":"https:\/\/atelier-cicada.com\/en\/wp-json\/wp\/v2\/media?parent=235"}],"curies":[{"name":"wp","href":"https:\/\/api.w.org\/{rel}","templated":true}]}}